{"id":522,"date":"2020-01-20T14:30:28","date_gmt":"2020-01-20T14:30:28","guid":{"rendered":"https:\/\/kylkirauta.fi\/?page_id=522"},"modified":"2020-01-20T14:45:47","modified_gmt":"2020-01-20T14:45:47","slug":"522-2","status":"publish","type":"page","link":"https:\/\/kylkirauta.fi\/index.php\/522-2\/","title":{"rendered":""},"content":{"rendered":"\n<style type=\"text\/css\" data-created_by=\"avia_inline_auto\" id=\"style-css-av-ku49e-dd73667475816a2e83d138cdf124a3a6\">\n.flex_column.av-ku49e-dd73667475816a2e83d138cdf124a3a6{\nborder-radius:0px 0px 0px 0px;\npadding:0px 0px 0px 0px;\n}\n<\/style>\n<div  class='flex_column av-ku49e-dd73667475816a2e83d138cdf124a3a6 av_one_fourth  avia-builder-el-0  el_before_av_one_half  avia-builder-el-first  first flex_column_div av-zero-column-padding  '     ><\/div>\n\n<style type=\"text\/css\" data-created_by=\"avia_inline_auto\" id=\"style-css-av-f7z96-b795a2177cbbc2dfb3bd6349b7b7a95c\">\n.flex_column.av-f7z96-b795a2177cbbc2dfb3bd6349b7b7a95c{\nborder-radius:0px 0px 0px 0px;\npadding:0px 0px 0px 0px;\n}\n<\/style>\n<div  class='flex_column av-f7z96-b795a2177cbbc2dfb3bd6349b7b7a95c av_one_half  avia-builder-el-1  el_after_av_one_fourth  el_before_av_one_fourth  flex_column_div av-zero-column-padding  '     ><style type=\"text\/css\" data-created_by=\"avia_inline_auto\" id=\"style-css-sub-av-k5mjqutc-19ad3fbaeb5f5cf4254650bd258a648d\">\n.av-hotspot-image-container .av-image-hotspot.av-alode-dcf2a95fefcbb0433483966a4fbc155c{\ntop:60.5%;\nleft:43.6%;\n}\n.av-hotspot-image-container .av-image-hotspot.av-al8xu-6953aa6c358eb586865e9e38a8eb78f0{\ntop:53.5%;\nleft:38.5%;\n}\n<\/style>\n<div  class='av-hotspot-image-container av-k5mjqutc-19ad3fbaeb5f5cf4254650bd258a648d  avia-builder-el-2  avia-builder-el-no-sibling  av-hotspot-blank av-mobile-fallback-active  av-non-fullwidth-hotspot-image'  itemprop=\"image\" itemscope=\"itemscope\" itemtype=\"https:\/\/schema.org\/ImageObject\" ><div class='av-hotspot-container'><div class='av-hotspot-container-inner-cell'><div class='av-hotspot-container-inner-wrap'><div class='av-image-hotspot av-alode-dcf2a95fefcbb0433483966a4fbc155c av-image-hotspot-1 ' data-avia-tooltip-position='top' data-avia-tooltip-alignment='centered' data-avia-tooltip-class='av-tt-large-width av-tt-pos-above av-tt-align-centered  av-mobile-fallback-active  main_color av-tt-hotspot' data-avia-tooltip='&lt;table style=&quot;border-collapse: collapse; width: 714px; height: 349px;&quot; border=&quot;0&quot; width=&quot;261&quot; cellspacing=&quot;0&quot; cellpadding=&quot;0&quot;&gt;\n&lt;colgroup&gt;\n&lt;col style=&quot;width: 65pt;&quot; span=&quot;3&quot; width=&quot;87&quot; \/&gt; &lt;\/colgroup&gt;\n&lt;tbody&gt;\n&lt;tr style=&quot;height: 16.0pt;&quot;&gt;\n&lt;td style=&quot;height: 16.0pt; width: 65pt;&quot; width=&quot;87&quot; height=&quot;21&quot;&gt;&lt;\/td&gt;\n&lt;td style=&quot;width: 65pt;&quot; width=&quot;87&quot;&gt;&lt;\/td&gt;\n&lt;td style=&quot;width: 65pt;&quot; width=&quot;87&quot;&gt;&lt;\/td&gt;\n&lt;\/tr&gt;\n&lt;tr style=&quot;height: 16.0pt;&quot;&gt;\n&lt;td style=&quot;height: 16.0pt;&quot; height=&quot;21&quot;&gt;&lt;\/td&gt;\n&lt;td&gt;&lt;img class=&quot;wp-image-459 aligncenter&quot; src=&quot;https:\/\/kylkirauta.fi\/wp-content\/uploads\/2019\/10\/Sinkko_uusi.jpeg&quot; alt=&quot;&quot; width=&quot;123&quot; height=&quot;166&quot; \/&gt;&lt;\/td&gt;\n&lt;td&gt;&lt;\/td&gt;\n&lt;\/tr&gt;\n&lt;tr style=&quot;height: 16.0pt;&quot;&gt;\n&lt;td style=&quot;height: 16.0pt;&quot; height=&quot;21&quot;&gt;&lt;\/td&gt;\n&lt;td&gt;Kapteenin Puustelliin, vanhaan sotilasvirkataloon, rakennettu\u00a0&lt;em&gt;Suomen sotilasperinteet&lt;\/em&gt;\u00a0-n\u00e4yttely luo l\u00e4pileikkauksen Suomen sotahistoriaan Ruotsin vallan ajalta nykyp\u00e4iv\u00e4\u00e4n.&lt;\/td&gt;\n&lt;td&gt;&lt;\/td&gt;\n&lt;\/tr&gt;\n&lt;\/tbody&gt;\n&lt;\/table&gt;\n&lt;p style=&quot;text-align: center;&quot;&gt;\n'><div class='av-image-hotspot_inner'>1<\/div><div class='av-image-hotspot-pulse'><\/div><\/div><div class='av-image-hotspot av-al8xu-6953aa6c358eb586865e9e38a8eb78f0 av-image-hotspot-2 ' data-avia-tooltip-position='top' data-avia-tooltip-alignment='centered' data-avia-tooltip-class='av-tt-default-width above  av-mobile-fallback-active  main_color av-tt-hotspot' data-avia-tooltip=''><div class='av-image-hotspot_inner'>2<\/div><div class='av-image-hotspot-pulse'><\/div><\/div><img decoding=\"async\" fetchpriority=\"high\" class='wp-image-214 avia-img-lazy-loading-not-214 avia_image' src=\"https:\/\/kylkirauta.fi\/wp-content\/uploads\/2019\/11\/Salkotanssi.jpeg\" alt='' title='Salkotanssi'  height=\"1200\" width=\"1799\"  itemprop=\"thumbnailUrl\" srcset=\"https:\/\/kylkirauta.fi\/wp-content\/uploads\/2019\/11\/Salkotanssi.jpeg 1799w, https:\/\/kylkirauta.fi\/wp-content\/uploads\/2019\/11\/Salkotanssi-300x200.jpeg 300w, https:\/\/kylkirauta.fi\/wp-content\/uploads\/2019\/11\/Salkotanssi-768x512.jpeg 768w, https:\/\/kylkirauta.fi\/wp-content\/uploads\/2019\/11\/Salkotanssi-1030x687.jpeg 1030w, https:\/\/kylkirauta.fi\/wp-content\/uploads\/2019\/11\/Salkotanssi-1500x1001.jpeg 1500w, https:\/\/kylkirauta.fi\/wp-content\/uploads\/2019\/11\/Salkotanssi-705x470.jpeg 705w\" sizes=\"(max-width: 1799px) 100vw, 1799px\" \/><\/div><\/div><\/div><div class='av-hotspot-fallback-tooltip av-image-hotspot-1 '><div class=\"av-hotspot-fallback-tooltip-count\">1<div class=\"avia-arrow\"><\/div><\/div><div class=\"av-hotspot-fallback-tooltip-inner clearfix\"><\/p>\n<table style=\"border-collapse: collapse; width: 714px; height: 349px;\" border=\"0\" width=\"261\" cellspacing=\"0\" cellpadding=\"0\">\n<colgroup>\n<col style=\"width: 65pt;\" span=\"3\" width=\"87\" \/> <\/colgroup>\n<tbody>\n<tr style=\"height: 16.0pt;\">\n<td style=\"height: 16.0pt; width: 65pt;\" width=\"87\" height=\"21\"><\/td>\n<td style=\"width: 65pt;\" width=\"87\"><\/td>\n<td style=\"width: 65pt;\" width=\"87\"><\/td>\n<\/tr>\n<tr style=\"height: 16.0pt;\">\n<td style=\"height: 16.0pt;\" height=\"21\"><\/td>\n<td><img loading=\"lazy\" decoding=\"async\" class=\"wp-image-459 aligncenter\" src=\"https:\/\/kylkirauta.fi\/wp-content\/uploads\/2019\/10\/Sinkko_uusi.jpeg\" alt=\"\" width=\"123\" height=\"166\" srcset=\"https:\/\/kylkirauta.fi\/wp-content\/uploads\/2019\/10\/Sinkko_uusi.jpeg 369w, https:\/\/kylkirauta.fi\/wp-content\/uploads\/2019\/10\/Sinkko_uusi-221x300.jpeg 221w\" sizes=\"auto, (max-width: 123px) 100vw, 123px\" \/><\/td>\n<td><\/td>\n<\/tr>\n<tr style=\"height: 16.0pt;\">\n<td style=\"height: 16.0pt;\" height=\"21\"><\/td>\n<td>Kapteenin Puustelliin, vanhaan sotilasvirkataloon, rakennettu\u00a0<em>Suomen sotilasperinteet<\/em>\u00a0-n\u00e4yttely luo l\u00e4pileikkauksen Suomen sotahistoriaan Ruotsin vallan ajalta nykyp\u00e4iv\u00e4\u00e4n.<\/td>\n<td><\/td>\n<\/tr>\n<\/tbody>\n<\/table>\n<p style=\"text-align: center;\">\n<\/div><\/div><\/div><\/div>\n\n<style type=\"text\/css\" data-created_by=\"avia_inline_auto\" id=\"style-css-av-vo2a-51d7dd509bea2683ddbba7a2a12261ec\">\n.flex_column.av-vo2a-51d7dd509bea2683ddbba7a2a12261ec{\nborder-radius:0px 0px 0px 0px;\npadding:0px 0px 0px 0px;\n}\n<\/style>\n<div  class='flex_column av-vo2a-51d7dd509bea2683ddbba7a2a12261ec av_one_fourth  avia-builder-el-3  el_after_av_one_half  el_before_av_content_slider  flex_column_div av-zero-column-padding  '     ><\/div>\n<div  class='avia-content-slider-element-container av-k5mk70o4-fa95da53376e115a9487e5a883eee878 avia-content-slider-element-slider avia-content-slider avia-smallarrow-slider avia-content-slider-active avia-content-slider-odd  avia-builder-el-4  el_after_av_one_fourth  avia-builder-el-last  av-slideshow-ui av-control-default av-nav-arrows-visible av-nav-dots-visible av-no-slider-navigation av-slideshow-autoplay av-loop-endless av-loop-manual-endless avia-content-slider1' data-slideshow-options=\"{&quot;animation&quot;:&quot;slide&quot;,&quot;autoplay&quot;:true,&quot;loop_autoplay&quot;:&quot;endless&quot;,&quot;interval&quot;:6,&quot;loop_manual&quot;:&quot;manual-endless&quot;,&quot;autoplay_stopper&quot;:false,&quot;noNavigation&quot;:false,&quot;bg_slider&quot;:false,&quot;keep_padding&quot;:&quot;&quot;,&quot;hoverpause&quot;:false,&quot;show_slide_delay&quot;:30}\"><div class='avia-smallarrow-slider-heading  no-content-slider-heading '><div class='new-special-heading'>&nbsp;<\/div><div class='avia-slideshow-arrows avia-slideshow-controls' ><a href='#prev' class='prev-slide ' aria-hidden='true' data-av_icon='\ue87c' data-av_iconfont='entypo-fontello'  tabindex='-1'>Previous<\/a><a href='#next' class='next-slide ' aria-hidden='true' data-av_icon='\ue87d' data-av_iconfont='entypo-fontello'  tabindex='-1'>Next<\/a><\/div><\/div><div class=\"avia-content-slider-inner\"><div class=\"slide-entry-wrap\"><section class='slide-entry av-hd5sy-68bc8ef92f71d7757619a3c4c4f7c68d flex_column av_fullwidth post-entry slide-entry-overview slide-loop-1 slide-parity-odd  first'  itemscope=\"itemscope\" itemtype=\"https:\/\/schema.org\/CreativeWork\" ><h3 class='slide-entry-title entry-title '  itemprop=\"headline\" >Slide 1<\/h3><div class='slide-entry-excerpt entry-content'  itemprop=\"text\" ><p><img loading=\"lazy\" decoding=\"async\" class=\"alignleft  wp-image-434\" src=\"https:\/\/kylkirauta.fi\/wp-content\/uploads\/2020\/01\/Churchill.png\" alt=\"\" width=\"268\" height=\"378\" srcset=\"https:\/\/kylkirauta.fi\/wp-content\/uploads\/2020\/01\/Churchill.png 463w, https:\/\/kylkirauta.fi\/wp-content\/uploads\/2020\/01\/Churchill-213x300.png 213w\" sizes=\"auto, (max-width: 268px) 100vw, 268px\" \/><\/p>\n<\/div><\/section><\/div><div class=\"slide-entry-wrap\"><section class='slide-entry av-b0yiy-3bd2f035c1e1cdbbe2f5cc9ab38b36e5 flex_column av_fullwidth post-entry slide-entry-overview slide-loop-2 slide-parity-odd  first'  itemscope=\"itemscope\" itemtype=\"https:\/\/schema.org\/CreativeWork\" ><h3 class='slide-entry-title entry-title '  itemprop=\"headline\" >Slide 2<\/h3><div class='slide-entry-excerpt entry-content'  itemprop=\"text\" ><p><img loading=\"lazy\" decoding=\"async\" class=\"alignleft  wp-image-418\" src=\"https:\/\/kylkirauta.fi\/wp-content\/uploads\/2020\/01\/Tammikivi-_Juha.png\" alt=\"\" width=\"290\" height=\"409\" srcset=\"https:\/\/kylkirauta.fi\/wp-content\/uploads\/2020\/01\/Tammikivi-_Juha.png 463w, https:\/\/kylkirauta.fi\/wp-content\/uploads\/2020\/01\/Tammikivi-_Juha-213x300.png 213w\" sizes=\"auto, (max-width: 290px) 100vw, 290px\" \/><\/p>\n<\/div><\/section><\/div><div class=\"slide-entry-wrap\"><section class='slide-entry av-av_content_slide-e711e72238c7ef12b6035033dcd2990e flex_column av_fullwidth post-entry slide-entry-overview slide-loop-3 slide-parity-odd  post-entry-last  first'  itemscope=\"itemscope\" itemtype=\"https:\/\/schema.org\/CreativeWork\" ><h3 class='slide-entry-title entry-title '  itemprop=\"headline\" >Slide Title<\/h3><div class='slide-entry-excerpt entry-content'  itemprop=\"text\" ><p><img loading=\"lazy\" decoding=\"async\" class=\"alignleft  wp-image-441\" src=\"https:\/\/kylkirauta.fi\/wp-content\/uploads\/2020\/01\/Yksin.png\" alt=\"\" width=\"256\" height=\"361\" srcset=\"https:\/\/kylkirauta.fi\/wp-content\/uploads\/2020\/01\/Yksin.png 463w, https:\/\/kylkirauta.fi\/wp-content\/uploads\/2020\/01\/Yksin-213x300.png 213w\" sizes=\"auto, (max-width: 256px) 100vw, 256px\" \/><\/p>\n<\/div><\/section><\/div><\/div><\/div>\n","protected":false},"excerpt":{"rendered":"","protected":false},"author":3,"featured_media":0,"parent":0,"menu_order":0,"comment_status":"closed","ping_status":"closed","template":"","meta":{"footnotes":""},"class_list":["post-522","page","type-page","status-publish","hentry"],"yoast_head":"<!-- This site is optimized with the Yoast SEO plugin v27.4 - https:\/\/yoast.com\/product\/yoast-seo-wordpress\/ -->\n<title>- Kylkirauta<\/title>\n<meta name=\"robots\" content=\"index, follow, max-snippet:-1, max-image-preview:large, max-video-preview:-1\" \/>\n<link rel=\"canonical\" href=\"https:\/\/kylkirauta.fi\/index.php\/522-2\/\" \/>\n<meta property=\"og:locale\" content=\"fi_FI\" \/>\n<meta property=\"og:type\" content=\"article\" \/>\n<meta property=\"og:title\" content=\"- Kylkirauta\" \/>\n<meta property=\"og:url\" content=\"https:\/\/kylkirauta.fi\/index.php\/522-2\/\" \/>\n<meta property=\"og:site_name\" content=\"Kylkirauta\" \/>\n<meta property=\"article:modified_time\" content=\"2020-01-20T14:45:47+00:00\" \/>\n<meta property=\"og:image\" content=\"https:\/\/kylkirauta.fi\/wp-content\/uploads\/2019\/10\/Sinkko_uusi.jpeg\" \/>\n<meta name=\"twitter:card\" content=\"summary_large_image\" \/>\n<meta name=\"twitter:label1\" content=\"Arvioitu lukuaika\" \/>\n\t<meta name=\"twitter:data1\" content=\"3 minuuttia\" \/>\n<script type=\"application\/ld+json\" class=\"yoast-schema-graph\">{\"@context\":\"https:\\\/\\\/schema.org\",\"@graph\":[{\"@type\":\"WebPage\",\"@id\":\"https:\\\/\\\/kylkirauta.fi\\\/index.php\\\/522-2\\\/\",\"url\":\"https:\\\/\\\/kylkirauta.fi\\\/index.php\\\/522-2\\\/\",\"name\":\"- Kylkirauta\",\"isPartOf\":{\"@id\":\"https:\\\/\\\/kylkirauta.fi\\\/#website\"},\"primaryImageOfPage\":{\"@id\":\"https:\\\/\\\/kylkirauta.fi\\\/index.php\\\/522-2\\\/#primaryimage\"},\"image\":{\"@id\":\"https:\\\/\\\/kylkirauta.fi\\\/index.php\\\/522-2\\\/#primaryimage\"},\"thumbnailUrl\":\"https:\\\/\\\/kylkirauta.fi\\\/wp-content\\\/uploads\\\/2019\\\/10\\\/Sinkko_uusi.jpeg\",\"datePublished\":\"2020-01-20T14:30:28+00:00\",\"dateModified\":\"2020-01-20T14:45:47+00:00\",\"inLanguage\":\"fi\",\"potentialAction\":[{\"@type\":\"ReadAction\",\"target\":[\"https:\\\/\\\/kylkirauta.fi\\\/index.php\\\/522-2\\\/\"]}]},{\"@type\":\"ImageObject\",\"inLanguage\":\"fi\",\"@id\":\"https:\\\/\\\/kylkirauta.fi\\\/index.php\\\/522-2\\\/#primaryimage\",\"url\":\"https:\\\/\\\/kylkirauta.fi\\\/wp-content\\\/uploads\\\/2019\\\/10\\\/Sinkko_uusi.jpeg\",\"contentUrl\":\"https:\\\/\\\/kylkirauta.fi\\\/wp-content\\\/uploads\\\/2019\\\/10\\\/Sinkko_uusi.jpeg\",\"width\":369,\"height\":500,\"caption\":\"ST Risto Sinkko\"},{\"@type\":\"WebSite\",\"@id\":\"https:\\\/\\\/kylkirauta.fi\\\/#website\",\"url\":\"https:\\\/\\\/kylkirauta.fi\\\/\",\"name\":\"Kylkirauta\",\"description\":\"Kadettiupseerit yhteiskunnan palveluksessa\",\"potentialAction\":[{\"@type\":\"SearchAction\",\"target\":{\"@type\":\"EntryPoint\",\"urlTemplate\":\"https:\\\/\\\/kylkirauta.fi\\\/?s={search_term_string}\"},\"query-input\":{\"@type\":\"PropertyValueSpecification\",\"valueRequired\":true,\"valueName\":\"search_term_string\"}}],\"inLanguage\":\"fi\"}]}<\/script>\n<!-- \/ Yoast SEO plugin. -->","yoast_head_json":{"title":"- Kylkirauta","robots":{"index":"index","follow":"follow","max-snippet":"max-snippet:-1","max-image-preview":"max-image-preview:large","max-video-preview":"max-video-preview:-1"},"canonical":"https:\/\/kylkirauta.fi\/index.php\/522-2\/","og_locale":"fi_FI","og_type":"article","og_title":"- Kylkirauta","og_url":"https:\/\/kylkirauta.fi\/index.php\/522-2\/","og_site_name":"Kylkirauta","article_modified_time":"2020-01-20T14:45:47+00:00","og_image":[{"url":"https:\/\/kylkirauta.fi\/wp-content\/uploads\/2019\/10\/Sinkko_uusi.jpeg","type":"","width":"","height":""}],"twitter_card":"summary_large_image","twitter_misc":{"Arvioitu lukuaika":"3 minuuttia"},"schema":{"@context":"https:\/\/schema.org","@graph":[{"@type":"WebPage","@id":"https:\/\/kylkirauta.fi\/index.php\/522-2\/","url":"https:\/\/kylkirauta.fi\/index.php\/522-2\/","name":"- Kylkirauta","isPartOf":{"@id":"https:\/\/kylkirauta.fi\/#website"},"primaryImageOfPage":{"@id":"https:\/\/kylkirauta.fi\/index.php\/522-2\/#primaryimage"},"image":{"@id":"https:\/\/kylkirauta.fi\/index.php\/522-2\/#primaryimage"},"thumbnailUrl":"https:\/\/kylkirauta.fi\/wp-content\/uploads\/2019\/10\/Sinkko_uusi.jpeg","datePublished":"2020-01-20T14:30:28+00:00","dateModified":"2020-01-20T14:45:47+00:00","inLanguage":"fi","potentialAction":[{"@type":"ReadAction","target":["https:\/\/kylkirauta.fi\/index.php\/522-2\/"]}]},{"@type":"ImageObject","inLanguage":"fi","@id":"https:\/\/kylkirauta.fi\/index.php\/522-2\/#primaryimage","url":"https:\/\/kylkirauta.fi\/wp-content\/uploads\/2019\/10\/Sinkko_uusi.jpeg","contentUrl":"https:\/\/kylkirauta.fi\/wp-content\/uploads\/2019\/10\/Sinkko_uusi.jpeg","width":369,"height":500,"caption":"ST Risto Sinkko"},{"@type":"WebSite","@id":"https:\/\/kylkirauta.fi\/#website","url":"https:\/\/kylkirauta.fi\/","name":"Kylkirauta","description":"Kadettiupseerit yhteiskunnan palveluksessa","potentialAction":[{"@type":"SearchAction","target":{"@type":"EntryPoint","urlTemplate":"https:\/\/kylkirauta.fi\/?s={search_term_string}"},"query-input":{"@type":"PropertyValueSpecification","valueRequired":true,"valueName":"search_term_string"}}],"inLanguage":"fi"}]}},"_links":{"self":[{"href":"https:\/\/kylkirauta.fi\/index.php\/wp-json\/wp\/v2\/pages\/522","targetHints":{"allow":["GET"]}}],"collection":[{"href":"https:\/\/kylkirauta.fi\/index.php\/wp-json\/wp\/v2\/pages"}],"about":[{"href":"https:\/\/kylkirauta.fi\/index.php\/wp-json\/wp\/v2\/types\/page"}],"author":[{"embeddable":true,"href":"https:\/\/kylkirauta.fi\/index.php\/wp-json\/wp\/v2\/users\/3"}],"replies":[{"embeddable":true,"href":"https:\/\/kylkirauta.fi\/index.php\/wp-json\/wp\/v2\/comments?post=522"}],"version-history":[{"count":8,"href":"https:\/\/kylkirauta.fi\/index.php\/wp-json\/wp\/v2\/pages\/522\/revisions"}],"predecessor-version":[{"id":4641,"href":"https:\/\/kylkirauta.fi\/index.php\/wp-json\/wp\/v2\/pages\/522\/revisions\/4641"}],"wp:attachment":[{"href":"https:\/\/kylkirauta.fi\/index.php\/wp-json\/wp\/v2\/media?parent=522"}],"curies":[{"name":"wp","href":"https:\/\/api.w.org\/{rel}","templated":true}]}}